{"id":273,"date":"2024-03-15T09:23:26","date_gmt":"2024-03-15T09:23:26","guid":{"rendered":"https:\/\/testerwp.com\/elementor-wp\/education-elementor\/?page_id=273"},"modified":"2025-09-22T22:35:01","modified_gmt":"2025-09-23T04:35:01","slug":"about-us","status":"publish","type":"page","link":"https:\/\/colegiodelvalle.com\/web\/about-us\/","title":{"rendered":"Nosotros"},"content":{"rendered":"\t\t<div data-elementor-type=\"wp-page\" data-elementor-id=\"273\" class=\"elementor elementor-273\" data-elementor-post-type=\"page\">\n\t\t\t\t\t\t<section data-particle_enable=\"false\" data-particle-mobile-disabled=\"false\" class=\"elementor-section elementor-top-section elementor-element elementor-element-51e6cd9 elementor-section-boxed elementor-section-height-default elementor-section-height-default\" data-id=\"51e6cd9\" data-element_type=\"section\" data-e-type=\"section\" data-settings=\"{&quot;background_background&quot;:&quot;classic&quot;,&quot;ekit_has_onepagescroll_dot&quot;:&quot;yes&quot;}\">\n\t\t\t\t\t\t<div class=\"elementor-container elementor-column-gap-default\">\n\t\t\t\t\t<div class=\"elementor-column elementor-col-100 elementor-top-column elementor-element elementor-element-b4e595a\" data-id=\"b4e595a\" data-element_type=\"column\" data-e-type=\"column\">\n\t\t\t<div class=\"elementor-widget-wrap elementor-element-populated\">\n\t\t\t\t\t\t<section data-particle_enable=\"false\" data-particle-mobile-disabled=\"false\" class=\"elementor-section elementor-inner-section elementor-element elementor-element-addd309 elementor-section-boxed elementor-section-height-default elementor-section-height-default\" data-id=\"addd309\" data-element_type=\"section\" data-e-type=\"section\" data-settings=\"{&quot;ekit_has_onepagescroll_dot&quot;:&quot;yes&quot;}\">\n\t\t\t\t\t\t<div class=\"elementor-container elementor-column-gap-default\">\n\t\t\t\t\t<div class=\"elementor-column elementor-col-50 elementor-inner-column elementor-element elementor-element-5bfc008\" data-id=\"5bfc008\" data-element_type=\"column\" data-e-type=\"column\">\n\t\t\t<div class=\"elementor-widget-wrap elementor-element-populated\">\n\t\t\t\t\t\t<div class=\"elementor-element elementor-element-bc187c9 elementor-widget elementor-widget-elementskit-heading\" data-id=\"bc187c9\" data-element_type=\"widget\" data-e-type=\"widget\" data-settings=\"{&quot;ekit_we_effect_on&quot;:&quot;none&quot;}\" data-widget_type=\"elementskit-heading.default\">\n\t\t\t\t\t<div class=\"ekit-wid-con\" ><div class=\"ekit-heading elementskit-section-title-wraper text_left   ekit_heading_tablet-   ekit_heading_mobile-\"><h4 class=\"elementskit-section-subtitle  \">\n\t\t\t\t\t\tNos Preocupamos Por Ti\n\t\t\t\t\t<\/h4><h2 class=\"ekit-heading--title elementskit-section-title \">Donde Comienza el Aprendizaje<\/h2>\t\t\t\t<div class='ekit-heading__description'>\n\t\t\t\t\t<p>Colegio del Valle: Despertando el potencial de cada estudiante<\/p>\n\t\t\t\t<\/div>\n\t\t\t<\/div><\/div>\t\t\t\t<\/div>\n\t\t\t\t<div class=\"elementor-element elementor-element-12edede ekit-equal-height-disable elementor-widget elementor-widget-elementskit-icon-box\" data-id=\"12edede\" data-element_type=\"widget\" data-e-type=\"widget\" data-settings=\"{&quot;ekit_we_effect_on&quot;:&quot;none&quot;}\" data-widget_type=\"elementskit-icon-box.default\">\n\t\t\t\t\t<div class=\"ekit-wid-con\" >        <!-- link opening -->\n                <a href=\"#\" class=\"ekit_global_links\">\n                <!-- end link opening -->\n\n        <div class=\"elementskit-infobox text- text-left icon-lef-right-aligin elementor-animation- media  \">\n                            <div class=\"elementskit-box-header\">\n                <div class=\"elementskit-info-box-icon text-center\">\n                    <img decoding=\"async\" src=\"https:\/\/testerwp.com\/elementor-wp\/education-elementor\/wp-content\/uploads\/sites\/46\/2024\/03\/about-us.icon_.png\" title=\"\" alt=\"\" class=\"\" \/>                <\/div>\n          <\/div>\n                <div class=\"box-body\">\n                            <h3 class=\"elementskit-info-box-title\">\n                    Seguridad y Bienestar: Nuestro Compromiso                <\/h3>\n                        \t\t  \t<p>La tranquilidad de nuestras familias es primordial. Ofrecemos un entorno seguro y protector, con protocolos y personal capacitado, garantizando el bienestar de nuestros estudiantes en todo momento.<\/p>\n                                <\/div>\n        \n        \n                <\/div>\n                <\/a>\n        <\/div>\t\t\t\t<\/div>\n\t\t\t\t<div class=\"elementor-element elementor-element-a7086e1 ekit-equal-height-disable elementor-widget elementor-widget-elementskit-icon-box\" data-id=\"a7086e1\" data-element_type=\"widget\" data-e-type=\"widget\" data-settings=\"{&quot;ekit_we_effect_on&quot;:&quot;none&quot;}\" data-widget_type=\"elementskit-icon-box.default\">\n\t\t\t\t\t<div class=\"ekit-wid-con\" >        <!-- link opening -->\n                <a href=\"#\" class=\"ekit_global_links\">\n                <!-- end link opening -->\n\n        <div class=\"elementskit-infobox text- text-left icon-lef-right-aligin elementor-animation- media  \">\n                            <div class=\"elementskit-box-header\">\n                <div class=\"elementskit-info-box-icon text-center\">\n                    <img decoding=\"async\" src=\"https:\/\/testerwp.com\/elementor-wp\/education-elementor\/wp-content\/uploads\/sites\/46\/2024\/03\/about-us.icon-2-1.png\" title=\"\" alt=\"\" class=\"\" \/>                <\/div>\n          <\/div>\n                <div class=\"box-body\">\n                            <h3 class=\"elementskit-info-box-title\">\n                    Innovaci\u00f3n y Recursos Digitales                <\/h3>\n                        \t\t  \t<p>Nuestras aulas se expanden al mundo digital. Contamos con plataformas educativas de vanguardia y recursos en l\u00ednea que enriquecen el aprendizaje y preparan a nuestros alumnos para los desaf\u00edos tecnol\u00f3gicos del futuro.<\/p>\n                                <\/div>\n        \n        \n                <\/div>\n                <\/a>\n        <\/div>\t\t\t\t<\/div>\n\t\t\t\t\t<\/div>\n\t\t<\/div>\n\t\t\t\t<div class=\"elementor-column elementor-col-50 elementor-inner-column elementor-element elementor-element-4edf6cd\" data-id=\"4edf6cd\" data-element_type=\"column\" data-e-type=\"column\">\n\t\t\t<div class=\"elementor-widget-wrap elementor-element-populated\">\n\t\t\t\t\t\t<div class=\"elementor-element elementor-element-bd3274e elementor-widget elementor-widget-image\" data-id=\"bd3274e\" data-element_type=\"widget\" data-e-type=\"widget\" data-settings=\"{&quot;ekit_we_effect_on&quot;:&quot;none&quot;}\" data-widget_type=\"image.default\">\n\t\t\t\t\t\t\t\t\t\t\t\t\t\t\t<img decoding=\"async\" src=\"https:\/\/testerwp.com\/elementor-wp\/education-elementor\/wp-content\/uploads\/sites\/46\/2024\/03\/Education-Schoogalleryl.png\" title=\"\" alt=\"\" loading=\"lazy\" \/>\t\t\t\t\t\t\t\t\t\t\t\t\t\t\t<\/div>\n\t\t\t\t\t<\/div>\n\t\t<\/div>\n\t\t\t\t\t<\/div>\n\t\t<\/section>\n\t\t\t\t\t<\/div>\n\t\t<\/div>\n\t\t\t\t\t<\/div>\n\t\t<\/section>\n\t\t<div data-particle_enable=\"false\" data-particle-mobile-disabled=\"false\" class=\"elementor-element elementor-element-8062fd7 e-flex e-con-boxed e-con e-parent\" data-id=\"8062fd7\" data-element_type=\"container\" data-e-type=\"container\" id=\"xs_pricing_6\" data-settings=\"{&quot;background_background&quot;:&quot;classic&quot;,&quot;ekit_has_onepagescroll_dot&quot;:&quot;yes&quot;}\">\n\t\t\t\t\t<div class=\"e-con-inner\">\n\t\t\t\t<div class=\"elementor-element elementor-element-49c68995 elementor-widget elementor-widget-elementskit-heading\" data-id=\"49c68995\" data-element_type=\"widget\" data-e-type=\"widget\" data-settings=\"{&quot;ekit_we_effect_on&quot;:&quot;none&quot;}\" data-widget_type=\"elementskit-heading.default\">\n\t\t\t\t\t<div class=\"ekit-wid-con\" ><div class=\"ekit-heading elementskit-section-title-wraper center   ekit_heading_tablet-   ekit_heading_mobile-\"><h2 class=\"ekit-heading--title elementskit-section-title \">NOSOTROS<\/h2><div class=\"ekit_heading_separetor_wraper ekit_heading_elementskit-border-divider ekit-dotted\"><div class=\"elementskit-border-divider ekit-dotted\"><\/div><\/div><\/div><\/div>\t\t\t\t<\/div>\n\t\t<div data-particle_enable=\"false\" data-particle-mobile-disabled=\"false\" class=\"elementor-element elementor-element-58aa4189 e-con-full e-grid e-con e-child\" data-id=\"58aa4189\" data-element_type=\"container\" data-e-type=\"container\" data-settings=\"{&quot;ekit_has_onepagescroll_dot&quot;:&quot;yes&quot;}\">\n\t\t\t\t<div class=\"elementor-element elementor-element-1e2f4fe elementor-widget elementor-widget-elementskit-heading\" data-id=\"1e2f4fe\" data-element_type=\"widget\" data-e-type=\"widget\" data-settings=\"{&quot;ekit_we_effect_on&quot;:&quot;none&quot;}\" data-widget_type=\"elementskit-heading.default\">\n\t\t\t\t\t<div class=\"ekit-wid-con\" ><div class=\"ekit-heading elementskit-section-title-wraper text_left   ekit_heading_tablet-   ekit_heading_mobile-\"><h2 class=\"ekit-heading--title elementskit-section-title \">Mision<\/h2><div class=\"ekit_heading_separetor_wraper ekit_heading_elementskit-border-divider ekit-dotted\"><div class=\"elementskit-border-divider ekit-dotted\"><\/div><\/div>\t\t\t\t<div class='ekit-heading__description'>\n\t\t\t\t\t<p>En el Colegio Mixto del Valle nos comprometemos a brindar una educaci\u00f3n integral y de calidad, fundamentada en principios y valores que fortalezcan la formaci\u00f3n acad\u00e9mica, personal y social de nuestros estudiantes.<br \/>Nuestra misi\u00f3n es preparar a los alumnos para enfrentar con \u00e9xito los desaf\u00edos del mundo actual, integrando el uso de la tecnolog\u00eda como herramienta de aprendizaje y actualizaci\u00f3n constante en cada ciclo escolar.<br \/>Buscamos despertar en ellos el amor por el conocimiento, la disciplina, la responsabilidad y el respeto, formando ciudadanos capaces de contribuir de manera positiva al desarrollo de la sociedad.<\/p>\n\t\t\t\t<\/div>\n\t\t\t<\/div><\/div>\t\t\t\t<\/div>\n\t\t\t\t<div class=\"elementor-element elementor-element-e41e58b elementor-widget elementor-widget-elementskit-heading\" data-id=\"e41e58b\" data-element_type=\"widget\" data-e-type=\"widget\" data-settings=\"{&quot;ekit_we_effect_on&quot;:&quot;none&quot;}\" data-widget_type=\"elementskit-heading.default\">\n\t\t\t\t\t<div class=\"ekit-wid-con\" ><div class=\"ekit-heading elementskit-section-title-wraper text_left   ekit_heading_tablet-   ekit_heading_mobile-\"><h2 class=\"ekit-heading--title elementskit-section-title \">Vision<\/h2><div class=\"ekit_heading_separetor_wraper ekit_heading_elementskit-border-divider ekit-dotted\"><div class=\"elementskit-border-divider ekit-dotted\"><\/div><\/div>\t\t\t\t<div class='ekit-heading__description'>\n\t\t\t\t\t<p>Ser un colegio reconocido por su excelencia acad\u00e9mica y formativa, que se adapta a\u00f1o con a\u00f1o a los avances tecnol\u00f3gicos y a las exigencias de la educaci\u00f3n moderna.<br \/>Aspiramos a consolidarnos como una instituci\u00f3n innovadora, donde nuestros estudiantes reciban una preparaci\u00f3n que les permita destacar en cualquier \u00e1mbito, con valores s\u00f3lidos, competencias tecnol\u00f3gicas y un esp\u00edritu de liderazgo.<br \/>Nuestra visi\u00f3n es acompa\u00f1ar a cada alumno en su crecimiento, asegurando que se conviertan en personas responsables, creativas y comprometidas con su futuro y con el bienestar de la sociedad.<\/p>\n\t\t\t\t<\/div>\n\t\t\t<\/div><\/div>\t\t\t\t<\/div>\n\t\t\t\t<\/div>\n\t\t\t\t\t<\/div>\n\t\t\t\t<\/div>\n\t\t\t\t<\/div>\n\t\t","protected":false},"excerpt":{"rendered":"<p>Nos Preocupamos Por Ti Donde Comienza el Aprendizaje Colegio del Valle: Despertando el potencial de cada estudiante Seguridad y Bienestar: Nuestro Compromiso La tranquilidad de nuestras familias es primordial. Ofrecemos un entorno seguro y protector, con protocolos y personal capacitado, garantizando el bienestar de nuestros estudiantes en todo momento. Innovaci\u00f3n y Recursos Digitales Nuestras aulas&#8230;<\/p>\n","protected":false},"author":1,"featured_media":0,"parent":0,"menu_order":0,"comment_status":"closed","ping_status":"closed","template":"elementor_header_footer","meta":{"_kad_blocks_custom_css":"","_kad_blocks_head_custom_js":"","_kad_blocks_body_custom_js":"","_kad_blocks_footer_custom_js":"","_kadence_starter_templates_imported_post":false,"_kad_post_transparent":"","_kad_post_title":"","_kad_post_layout":"","_kad_post_sidebar_id":"","_kad_post_content_style":"","_kad_post_vertical_padding":"","_kad_post_feature":"","_kad_post_feature_position":"","_kad_post_header":false,"_kad_post_footer":false,"_kad_post_classname":"","footnotes":""},"class_list":["post-273","page","type-page","status-publish","hentry"],"taxonomy_info":[],"featured_image_src_large":false,"author_info":{"display_name":"admin","author_link":"https:\/\/colegiodelvalle.com\/web\/author\/admin\/"},"comment_info":0,"_links":{"self":[{"href":"https:\/\/colegiodelvalle.com\/web\/wp-json\/wp\/v2\/pages\/273","targetHints":{"allow":["GET"]}}],"collection":[{"href":"https:\/\/colegiodelvalle.com\/web\/wp-json\/wp\/v2\/pages"}],"about":[{"href":"https:\/\/colegiodelvalle.com\/web\/wp-json\/wp\/v2\/types\/page"}],"author":[{"embeddable":true,"href":"https:\/\/colegiodelvalle.com\/web\/wp-json\/wp\/v2\/users\/1"}],"replies":[{"embeddable":true,"href":"https:\/\/colegiodelvalle.com\/web\/wp-json\/wp\/v2\/comments?post=273"}],"version-history":[{"count":14,"href":"https:\/\/colegiodelvalle.com\/web\/wp-json\/wp\/v2\/pages\/273\/revisions"}],"predecessor-version":[{"id":704,"href":"https:\/\/colegiodelvalle.com\/web\/wp-json\/wp\/v2\/pages\/273\/revisions\/704"}],"wp:attachment":[{"href":"https:\/\/colegiodelvalle.com\/web\/wp-json\/wp\/v2\/media?parent=273"}],"curies":[{"name":"wp","href":"https:\/\/api.w.org\/{rel}","templated":true}]}}